{"id":77,"date":"2022-12-16T14:00:12","date_gmt":"2022-12-16T13:00:12","guid":{"rendered":"https:\/\/andi-popp.de\/fiction\/?page_id=77"},"modified":"2022-12-16T16:40:09","modified_gmt":"2022-12-16T15:40:09","slug":"uber-mich","status":"publish","type":"page","link":"https:\/\/andi-popp.de\/fiction\/de\/uber-mich\/","title":{"rendered":"\u00dcber mich"},"content":{"rendered":"<div class=\"wp-block-image is-style-default\">\n<figure class=\"alignleft size-full is-resized\"><img decoding=\"async\" loading=\"lazy\" src=\"https:\/\/andi-popp.de\/fiction\/wp-content\/uploads\/2022\/12\/31913780_1866624523369802_6626856395645911040_n2.jpg\" alt=\"\" class=\"wp-image-58\" width=\"170\" height=\"170\" srcset=\"https:\/\/andi-popp.de\/fiction\/wp-content\/uploads\/2022\/12\/31913780_1866624523369802_6626856395645911040_n2.jpg 769w, https:\/\/andi-popp.de\/fiction\/wp-content\/uploads\/2022\/12\/31913780_1866624523369802_6626856395645911040_n2-300x300.jpg 300w, https:\/\/andi-popp.de\/fiction\/wp-content\/uploads\/2022\/12\/31913780_1866624523369802_6626856395645911040_n2-150x150.jpg 150w\" sizes=\"(max-width: 170px) 100vw, 170px\" \/><\/figure><\/div>\n\n\n<p>Andi Popp ist ein halb-verr\u00fcckter Mathematiker mit einem Hang zum Nerdigen, inklusive dem Schreiben aller Arten von spekulativen Erz\u00e4hlungen. Er wohnt mit seiner Familie und keinen Katzen in Bayern, Deutschland, aber er hat schon immer irgendwo im Internet gelebt.<\/p>\n\n\n\n<h2>Social-Links<\/h2>\n\n\n\n<p><img decoding=\"async\" src=\"https:\/\/andi-popp.de\/Twitter.png\" style=\"height:12pt;margin-right:.25em;\"><a href=\"https:\/\/twitter.com\/AndiPopp\" target=\"_blank\" rel=\"noreferrer noopener\">Twitter<\/a> <img decoding=\"async\" src=\"https:\/\/andi-popp.de\/Mastodon.png\" style=\"height:12pt;margin-left:1em;margin-right:.25em;\"><a href=\"https:\/\/chaos.social\/@AndiPopp\" target=\"_blank\" rel=\"noreferrer noopener\">Mastodon<\/a><\/p>\n\n\n\n<h2>Biographie in Stichpunkten<\/h2>\n\n\n\n<ul class=\"inline-list\">\n<li>Geboren in Ingolstadt, Deutschland, irgendwann in 1983<\/li>\n\n\n\n<li>Hat Wirtschaftsmathematik studiert und eine Dissertation \u00fcber stochastische Losgr\u00f6\u00dfenplanung draufgesetzt<\/li>\n\n\n\n<li>Hatte eine kurze, ereignisreiche, aber schlussendlich erfolglose politische Karriere in den fr\u00fchen 2010ern<\/li>\n\n\n\n<li>Aktuell in einem Schreibtischejob mit vielen Spreadsheets t\u00e4tig, der \u00fcberraschenderweise spannender ist als es klingt<\/li>\n<\/ul>\n\n\n\n<h2>Mag<\/h2>\n\n\n\n<ul class=\"inline-list\">\n<li>PnP-RPGs spielen, auf beiden Seiten des Spielleiterschirms<\/li>\n\n\n\n<li>Komische Biere trinken und brauen<\/li>\n\n\n\n<li>Zu Orten reisen, von denen man Leuten erz\u00e4hlen kann, wenn man zur\u00fcck kommt<\/li>\n\n\n\n<li>Videospiele, im Allgemeinen<\/li>\n\n\n\n<li>Leute, die \u00fcber sich lachen k\u00f6nnen, ohne sich selbst runterzumachen<\/li>\n\n\n\n<li>Geschichten die mit Tropes spielen, ohne sich anzuf\u00fchlen wie ein Klischee<\/li>\n<\/ul>\n\n\n\n<h2>Mag nicht<\/h2>\n\n\n\n<ul class=\"inline-list\">\n<li>Sport. Treiben, obwohl es notwendig ist. Schauen, insbesondere wenn sie von gro\u00dfen Unternehmen gesponsort werden oder zum Vorteil von Autokraten gespielt werden<\/li>\n\n\n\n<li>Nasse Socken tragen<\/li>\n\n\n\n<li>Unsauberen Textsatz<\/li>\n\n\n\n<li>Faschisten. Und die Tatsache, dass Faschisten nicht zu m\u00f6gen heutzutage der Rede wert ist<\/li>\n<\/ul>\n","protected":false},"excerpt":{"rendered":"<p>Andi Popp ist ein halb-verr\u00fcckter Mathematiker mit einem Hang zum Nerdigen, inklusive dem Schreiben aller Arten von spekulativen Erz\u00e4hlungen. Er wohnt mit seiner Familie und keinen Katzen in Bayern, Deutschland, aber er hat schon immer irgendwo im Internet gelebt. Social-Links Biographie in Stichpunkten Mag Mag nicht<\/p>\n","protected":false},"author":1,"featured_media":0,"parent":0,"menu_order":0,"comment_status":"closed","ping_status":"closed","template":"","meta":[],"_links":{"self":[{"href":"https:\/\/andi-popp.de\/fiction\/wp-json\/wp\/v2\/pages\/77"}],"collection":[{"href":"https:\/\/andi-popp.de\/fiction\/wp-json\/wp\/v2\/pages"}],"about":[{"href":"https:\/\/andi-popp.de\/fiction\/wp-json\/wp\/v2\/types\/page"}],"author":[{"embeddable":true,"href":"https:\/\/andi-popp.de\/fiction\/wp-json\/wp\/v2\/users\/1"}],"replies":[{"embeddable":true,"href":"https:\/\/andi-popp.de\/fiction\/wp-json\/wp\/v2\/comments?post=77"}],"version-history":[{"count":6,"href":"https:\/\/andi-popp.de\/fiction\/wp-json\/wp\/v2\/pages\/77\/revisions"}],"predecessor-version":[{"id":100,"href":"https:\/\/andi-popp.de\/fiction\/wp-json\/wp\/v2\/pages\/77\/revisions\/100"}],"wp:attachment":[{"href":"https:\/\/andi-popp.de\/fiction\/wp-json\/wp\/v2\/media?parent=77"}],"curies":[{"name":"wp","href":"https:\/\/api.w.org\/{rel}","templated":true}]}}